{"id":993,"date":"2012-05-01T13:11:49","date_gmt":"2012-05-01T12:11:49","guid":{"rendered":"http:\/\/rrotulluesi-dardan.ch\/cms\/about-2\/"},"modified":"2017-01-24T23:57:57","modified_gmt":"2017-01-24T21:57:57","slug":"research","status":"publish","type":"page","link":"http:\/\/rrotulluesi-dardan.ch\/cms\/?page_id=993","title":{"rendered":"Historiku"},"content":{"rendered":"<p style=\"text-align: right;\"><strong><em>Historiku i shoqat\u00ebs<\/em><\/strong><\/p>\n<p>\u00a0<a href=\"http:\/\/rrotulluesi-dardan.ch\/cms\/wp-content\/uploads\/2012\/05\/xha-shabani.jpg\"><img loading=\"lazy\" class=\"size-full wp-image-1346 aligncenter\" src=\"http:\/\/rrotulluesi-dardan.ch\/cms\/wp-content\/uploads\/2012\/05\/xha-shabani.jpg\" alt=\"xha shabani\" width=\"221\" height=\"174\" \/><\/a><\/p>\n<table class=\" aligncenter\" width=\"229\">\n<tbody>\n<tr>\n<td>\n<p style=\"text-align: center;\">I ndjeri xha Shabani nga Prishtina<\/p>\n<\/td>\n<\/tr>\n<\/tbody>\n<\/table>\n<p style=\"text-align: center;\"><strong>* * *<\/strong><\/p>\n<p style=\"text-align: center;\"><strong>Historiku i Shoqat\u00ebs s\u00eb P\u00ebllumbave Akrobatik\u00eb(rrotullues)<br \/>\nt\u00eb Kosov\u00ebs n\u00eb Zvic\u00ebr SHPAKZ<\/strong><\/p>\n<p style=\"text-align: left;\">Kultivimi i p\u00ebllumbave t\u00eb Kosov\u00ebs n\u00eb Zvic\u00ebr ka filluar q\u00eb n\u00eb fillim t\u00eb viteve &#8217;90. Entuziast\u00eb dhe adhurues t\u00eb p\u00ebllumbave rrotullues t\u00eb Kosov\u00ebs ngrit\u00ebn p\u00ebr nj\u00eb koh\u00eb t\u00eb shkurt\u00ebs n\u00eb shum\u00eb kantone t\u00eb Zvicr\u00ebs kotecat e p\u00ebllumbave. Fillimisht n\u00eb m\u00ebnyr\u00eb individuale, e pak m\u00eb von\u00eb edhe n\u00eb m\u00ebnyr\u00eb grupore, filluan kultivimin dhe prezantimin e p\u00ebllumbave nga Kosova. Ata filluan t\u00eb marrin pjes\u00eb edhe n\u00ebp\u00ebr ekspozita nd\u00ebrkomb\u00ebtare t\u00eb p\u00ebllumbave.<\/p>\n<p style=\"text-align: left;\">Ballafaqimi me realitetin se, si individ\u00eb apo si grup i vog\u00ebl nuk mund t\u00eb b\u00ebhet prezantimi si duhet, i shtyri shum\u00eb kultivues t\u00eb afrohen m\u00eb shum\u00eb me nj\u00ebri tjetrin, \u00e7far\u00eb edhe solli deri te ideja p\u00ebr krijimin e nj\u00eb shoqate p\u00ebr kultivuesit e p\u00ebllumbave nga Kosova. Ideja p\u00ebr krijimin e nj\u00eb shoqate lindi, pra, si domosdo e prezantimit para t\u00eb huajve, p\u00ebr t\u00eb arritur t&#8217;u b\u00ebhet ball\u00eb m\u00eb leht\u00eb edhe agresivitetit t\u00eb eg\u00ebr e t\u00eb pakuptimt\u00eb t\u00eb kultivuesve serb\u00eb t\u00eb p\u00ebllumbave, t\u00eb cil\u00ebt n\u00eb m\u00ebnyr\u00eb institucionale gjenin terren t\u00eb dezinformimit t\u00eb opinionit evropian, duke p\u00ebrvet\u00ebsuar si t\u00eb tyren gati t\u00eb gjitha llojet e p\u00ebllumbave t\u00eb n\u00ebnqiellit shqiptar, si n\u00eb Shqip\u00ebri, Kosov\u00eb, Maqedoni dhe Mal t\u00eb Zi<\/p>\n<p><strong>KUSH JEMI NE<\/strong><\/p>\n<ul>\n<li>Kush jemi ne? Prej nga vijm\u00eb? \u00c7far\u00eb punojm\u00eb? &#8211; e shum\u00eb pyetje tjera shtrohen p\u00ebr p\u00ebrgjigje. Por, ne do p\u00ebrpiqemi t\u00eb prezantohemi shkurt, p\u00ebr t\u00eb mos u humbur koh\u00ebn askujt p\u00ebr lexim.<br \/>\nNe jemi shqiptar\u00eb, &#8220;pun\u00ebtor\u00eb t\u00eb p\u00ebrkoh\u00ebsh\u00ebm&#8221; n\u00eb bot\u00ebn e jashtme, si\u00e7 jan\u00eb m\u00ebsuar t\u00eb na quajn\u00eb institucionet tona shtet\u00ebrore. Me koh\u00eb k\u00ebshtu u m\u00ebsuan t\u00eb na th\u00ebrrasin edhe shok\u00ebt, miqt\u00eb dhe familjar\u00ebt tan\u00eb n\u00eb Kosov\u00eb. Kjo fjal\u00eb, si &#8220;pun\u00ebtor\u00eb i p\u00ebrkoh\u00ebsh\u00ebm n\u00eb bot\u00ebn e jashtme&#8221;, n\u00eb fakt neve na i tkurr\u00eb supet, na r\u00ebndon sikur plumb. Sikur t\u00eb na largojn\u00eb sa m\u00eb larg dheut dhe trungut st\u00ebrgjyshor.<\/li>\n<li>N\u00eb t\u00eb v\u00ebrtet\u00eb, \u00e7donj\u00ebri nga ne kemi ardhur t\u00eb punojm\u00eb vet\u00ebm p\u00ebrkoh\u00ebsisht n\u00eb vendet e Evrop\u00ebs per\u00ebndimore, p\u00ebr nj\u00eb koh\u00eb t\u00eb shkurt\u00ebr, sa p\u00ebr t\u00eb fituar ca para p\u00ebr t\u00eb mbajtur familjen, p\u00ebr t\u00eb nd\u00ebrtuar nj\u00eb streh\u00eb mbi kok\u00eb n\u00eb Kosov\u00eb dhe p\u00ebr t&#8217;ua mund\u00ebsuar f\u00ebmij\u00ebve tan\u00eb t\u00eb shkollohen pran\u00eb sht\u00ebpis\u00eb dhe familjes.<\/li>\n<li>Por, kjo &#8220;p\u00ebrkoh\u00ebshm\u00ebri&#8221; u st\u00ebrzgjat, shum\u00ebkujt nga ne ua h\u00ebngri sh\u00ebndetin dhe vet\u00eb jet\u00ebn. Zgjati me afat pa kufi. Pik\u00ebrisht kjo zgjatje e pakuptimt\u00eb shum\u00ebkend nga ne i shtyri t\u00eb ken\u00eb pran\u00eb vetes nj\u00eb cop\u00ebz vendlindje, nj\u00eb cop\u00ebz Atdhe, nj\u00eb afsh freskimi shpirt\u00ebror.<br \/>\nK\u00ebshtu, fillimisht n\u00eb m\u00ebnyr\u00eb individuale e m\u00eb von\u00eb edhe n\u00eb grupe, filluam t\u00eb merremi me kultivimin e nj\u00ebr\u00ebs nga shpend\u00ebt m\u00eb fisnike &#8211; p\u00ebllumbin, t\u00eb cilin qysh t\u00eb par\u00ebt tan\u00eb ilir\u00ebt e bartnin me vete ngado q\u00eb shkonin.<\/li>\n<li>Jemi, pra, &#8220;pun\u00ebtor\u00eb t\u00eb p\u00ebrkoh\u00ebsh\u00ebm&#8221; n\u00eb Zvic\u00ebr, dhe p\u00ebr t\u00eb hequr mallin e Kosov\u00ebs kultivojm\u00eb p\u00ebllumbat e Kosov\u00ebs, sidomos at\u00eb rrotullues, ai q\u00eb shpirt\u00ebrat tan\u00eb p\u00ebr nj\u00eb moment i bart\u00eb p\u00ebrmes lart\u00ebsive n\u00eb Kosov\u00ebn ton\u00eb t\u00eb shenjt\u00eb martire.<\/li>\n<li>Jemi po ata &#8220;pun\u00ebtor\u00eb t\u00eb p\u00ebrkoh\u00ebsh\u00ebm&#8221; n\u00eb Zvic\u00ebr, t\u00eb cil\u00ebt n\u00eb koh\u00ebt m\u00eb t\u00eb v\u00ebshtira iu gjet\u00ebm pran\u00eb Kosov\u00ebs dhe popullit t\u00eb shtypur shqiptar nga zinxhir\u00ebt e r\u00ebnd\u00eb t\u00eb rob\u00ebris\u00eb s\u00eb eg\u00ebr serbe. S&#8217;ka nga ne, kultivuesit e p\u00ebllumbave t\u00eb Kosov\u00ebs n\u00eb Zvic\u00ebr, q\u00eb edhe metelikun e fundit t\u00eb mos e kemi dh\u00ebn\u00eb p\u00ebr t\u00eb papun\u00ebt, p\u00ebr t\u00eb s\u00ebmur\u00ebt, p\u00ebr shkollat shqipe n\u00ebp\u00ebr bodrume t\u00eb sht\u00ebpive private, p\u00ebr t\u00eb ikurit, p\u00ebr luft\u00ebtar\u00ebt, p\u00ebr t\u00eb plagosurit dhe familjar\u00ebt e d\u00ebshmor\u00ebve. Dhe s&#8217;mund t\u00eb jen\u00eb ndryshe ata q\u00eb kultivojn\u00eb p\u00ebllumbat, k\u00ebt\u00eb shpend t\u00eb lart\u00ebsive ku ndjenja e liris\u00eb \u00ebsht\u00eb m\u00eb e theksuara. Pik\u00ebrisht pse e duam lirin\u00eb, t\u00eb jemi t\u00eb lir\u00eb sikur p\u00ebllumbat n\u00eb fluturim, ne kultivojm\u00eb edhe n\u00eb Zvic\u00ebr k\u00ebt\u00eb shpend.<\/li>\n<li>N\u00eb mesin ton\u00eb ka pun\u00ebtor\u00eb krahu pa shkoll\u00eb, ka edhe me shkoll\u00ebn fillore, por ka edhe me shkolla t\u00eb mesme e me shkolla t\u00eb larta. Dashuria p\u00ebr p\u00ebllumbat nuk njeh kufinj t\u00eb shtresave shoq\u00ebrore. Ky \u00ebsht\u00eb nj\u00eb pasion i fuqish\u00ebm, t\u00eb cilin e njohin vet\u00ebm ata q\u00eb e p\u00ebrjetojn\u00eb. \u00cbsht\u00eb nj\u00eb ndjenj\u00eb e pap\u00ebrshkrueshme. Nj\u00eb ndjenj\u00eb e k\u00ebnd\u00ebshme, ku t\u00eb duket se po fluturon bashk\u00eb me p\u00ebllumbat.<\/li>\n<li>P\u00ebr t\u00eb qen\u00eb m\u00eb af\u00ebr nj\u00ebri tjetrit kultivuesit e p\u00ebllumbave t\u00eb Kosov\u00ebs n\u00eb Zvic\u00ebr u shtrua k\u00ebrkes\u00eb e domosdoshme q\u00eb t\u00eb krijojm\u00eb lidhje m\u00eb t\u00eb drejtp\u00ebrdrejta komunikimi mes vete, si dhe p\u00ebr njoftimin e opinionit lidhur me aktivitetin e kultivuesve t\u00eb p\u00ebllumbave t\u00eb Kosov\u00ebs n\u00eb Zvic\u00ebr. Aktivist\u00eb t\u00eb shoqat\u00ebs son\u00eb dol\u00ebn me iden\u00eb e hapjes s\u00eb nj\u00eb dritareje n\u00eb faqet e internetit, p\u00ebrmes s\u00eb cil\u00ebs do b\u00ebhemi m\u00eb t\u00eb af\u00ebrt me nj\u00ebri tjetrin, por edhe t\u00eb prezantohemi n\u00eb opinionin e huaj sa m\u00eb denj\u00ebsisht.<\/li>\n<li>Ky \u00ebsht\u00eb, pra, q\u00ebllimi i faqes son\u00eb t\u00eb internetit, t\u00eb cil\u00ebn do ta quajm\u00eb nj\u00eb dritare ngroht\u00ebsie e p\u00ebllumbave t\u00eb Kosov\u00ebs n\u00eb Zvic\u00ebr.<\/li>\n<\/ul>\n<p style=\"text-align: center;\"><strong>* * *<\/strong><\/p>\n<p style=\"text-align: center;\">\n","protected":false},"excerpt":{"rendered":"<p>Historiku i shoqat\u00ebs \u00a0 I ndjeri xha Shabani nga Prishtina * * * Historiku i Shoqat\u00ebs s\u00eb P\u00ebllumbave Akrobatik\u00eb(rrotullues) t\u00eb Kosov\u00ebs n\u00eb Zvic\u00ebr SHPAKZ Kultivimi i p\u00ebllumbave t\u00eb Kosov\u00ebs n\u00eb Zvic\u00ebr ka filluar q\u00eb n\u00eb fillim t\u00eb viteve &#8217;90. Entuziast\u00eb dhe adhurues t\u00eb p\u00ebllumbave rrotullues t\u00eb Kosov\u00ebs ngrit\u00ebn p\u00ebr nj\u00eb koh\u00eb t\u00eb shkurt\u00ebs n\u00eb shum\u00eb [&hellip;]<\/p>","protected":false},"author":1,"featured_media":0,"parent":0,"menu_order":0,"comment_status":"open","ping_status":"closed","template":"","meta":[],"_links":{"self":[{"href":"http:\/\/rrotulluesi-dardan.ch\/cms\/index.php?rest_route=\/wp\/v2\/pages\/993"}],"collection":[{"href":"http:\/\/rrotulluesi-dardan.ch\/cms\/index.php?rest_route=\/wp\/v2\/pages"}],"about":[{"href":"http:\/\/rrotulluesi-dardan.ch\/cms\/index.php?rest_route=\/wp\/v2\/types\/page"}],"author":[{"embeddable":true,"href":"http:\/\/rrotulluesi-dardan.ch\/cms\/index.php?rest_route=\/wp\/v2\/users\/1"}],"replies":[{"embeddable":true,"href":"http:\/\/rrotulluesi-dardan.ch\/cms\/index.php?rest_route=%2Fwp%2Fv2%2Fcomments&post=993"}],"version-history":[{"count":13,"href":"http:\/\/rrotulluesi-dardan.ch\/cms\/index.php?rest_route=\/wp\/v2\/pages\/993\/revisions"}],"predecessor-version":[{"id":1549,"href":"http:\/\/rrotulluesi-dardan.ch\/cms\/index.php?rest_route=\/wp\/v2\/pages\/993\/revisions\/1549"}],"wp:attachment":[{"href":"http:\/\/rrotulluesi-dardan.ch\/cms\/index.php?rest_route=%2Fwp%2Fv2%2Fmedia&parent=993"}],"curies":[{"name":"wp","href":"https:\/\/api.w.org\/{rel}","templated":true}]}}