{"id":1439,"date":"2015-05-23T21:51:24","date_gmt":"2015-05-23T20:51:24","guid":{"rendered":"http:\/\/rrotulluesi-dardan.ch\/cms\/?page_id=1439"},"modified":"2016-06-22T13:29:40","modified_gmt":"2016-06-22T11:29:40","slug":"shoqatat-tjera-ne-zvicer","status":"publish","type":"page","link":"http:\/\/rrotulluesi-dardan.ch\/cms\/?page_id=1439","title":{"rendered":"Shoqatat tjera ne Zvicer"},"content":{"rendered":"<p><strong>\u00a0<\/strong><a href=\"http:\/\/rrotulluesi-dardan.ch\/cms\/wp-content\/uploads\/2015\/05\/Kumra.jpg\"><img loading=\"lazy\" class=\"alignnone  wp-image-1500\" src=\"http:\/\/rrotulluesi-dardan.ch\/cms\/wp-content\/uploads\/2015\/05\/Kumra.jpg\" alt=\"Kumra\" width=\"182\" height=\"119\" \/><\/a><\/p>\n<p><strong>\u00a0<\/strong><a title=\"Kumra\" href=\"http:\/\/kumra.ch\/\" target=\"_blank\"><strong>SHOQATA KUMRA P\u00cbLLUMBI AKROBATIK I KOSOV\u00cbS N\u00cb ZVIC\u00cbR<\/strong><\/a><\/p>\n<p>&nbsp;<\/p>\n<p>&nbsp;<\/p>\n","protected":false},"excerpt":{"rendered":"<p>\u00a0 \u00a0SHOQATA KUMRA P\u00cbLLUMBI AKROBATIK I KOSOV\u00cbS N\u00cb ZVIC\u00cbR &nbsp; &nbsp;<\/p>","protected":false},"author":3,"featured_media":0,"parent":0,"menu_order":0,"comment_status":"closed","ping_status":"open","template":"","meta":[],"_links":{"self":[{"href":"http:\/\/rrotulluesi-dardan.ch\/cms\/index.php?rest_route=\/wp\/v2\/pages\/1439"}],"collection":[{"href":"http:\/\/rrotulluesi-dardan.ch\/cms\/index.php?rest_route=\/wp\/v2\/pages"}],"about":[{"href":"http:\/\/rrotulluesi-dardan.ch\/cms\/index.php?rest_route=\/wp\/v2\/types\/page"}],"author":[{"embeddable":true,"href":"http:\/\/rrotulluesi-dardan.ch\/cms\/index.php?rest_route=\/wp\/v2\/users\/3"}],"replies":[{"embeddable":true,"href":"http:\/\/rrotulluesi-dardan.ch\/cms\/index.php?rest_route=%2Fwp%2Fv2%2Fcomments&post=1439"}],"version-history":[{"count":11,"href":"http:\/\/rrotulluesi-dardan.ch\/cms\/index.php?rest_route=\/wp\/v2\/pages\/1439\/revisions"}],"predecessor-version":[{"id":1543,"href":"http:\/\/rrotulluesi-dardan.ch\/cms\/index.php?rest_route=\/wp\/v2\/pages\/1439\/revisions\/1543"}],"wp:attachment":[{"href":"http:\/\/rrotulluesi-dardan.ch\/cms\/index.php?rest_route=%2Fwp%2Fv2%2Fmedia&parent=1439"}],"curies":[{"name":"wp","href":"https:\/\/api.w.org\/{rel}","templated":true}]}}