{"id":1373,"date":"2015-04-05T16:27:52","date_gmt":"2015-04-05T15:27:52","guid":{"rendered":"http:\/\/rrotulluesi-dardan.ch\/cms\/?page_id=1373"},"modified":"2026-02-02T18:50:50","modified_gmt":"2026-02-02T17:50:50","slug":"ranglista-e-garave","status":"publish","type":"page","link":"http:\/\/rrotulluesi-dardan.ch\/cms\/?page_id=1373","title":{"rendered":"Ranglista e garave"},"content":{"rendered":"<p>\u00a0<\/p>\n<p>\u00a0<\/p>\n\n\n<div class=\"wp-block-group\"><div class=\"wp-block-group__inner-container\">\n<div class=\"wp-block-buttons\">\n<div class=\"wp-block-button\"><a class=\"wp-block-button__link\" href=\"http:\/\/rrotulluesi-dardan.ch\/cms\/wp-content\/uploads\/2026\/02\/Ranglista-2006.pdf\"><strong>2006<\/strong><\/a><\/div>\n\n\n\n<div class=\"wp-block-button\"><a class=\"wp-block-button__link\" href=\"http:\/\/rrotulluesi-dardan.ch\/cms\/wp-content\/uploads\/2026\/02\/Ranglista-2007.pdf\"><strong>2007<\/strong><\/a><\/div>\n\n\n\n<div class=\"wp-block-button\"><a class=\"wp-block-button__link\" href=\"http:\/\/rrotulluesi-dardan.ch\/cms\/wp-content\/uploads\/2026\/02\/Ranglista-2008.pdf\"><strong>2008<\/strong><\/a><\/div>\n\n\n\n<div class=\"wp-block-button\"><a class=\"wp-block-button__link\" href=\"http:\/\/rrotulluesi-dardan.ch\/cms\/wp-content\/uploads\/2015\/04\/4.pdf\"><strong>2009<\/strong><\/a><\/div>\n\n\n\n<div class=\"wp-block-button\"><a class=\"wp-block-button__link\" href=\"http:\/\/rrotulluesi-dardan.ch\/cms\/wp-content\/uploads\/2015\/04\/5.pdf\"><strong>2010<\/strong><\/a><\/div>\n\n\n\n<div class=\"wp-block-button\"><a class=\"wp-block-button__link\" href=\"http:\/\/rrotulluesi-dardan.ch\/cms\/wp-content\/uploads\/2026\/02\/Ranglista_2011.pdf\"><strong>2011<\/strong><\/a><\/div>\n\n\n\n<div class=\"wp-block-button\"><a class=\"wp-block-button__link\" href=\"http:\/\/rrotulluesi-dardan.ch\/cms\/wp-content\/uploads\/2026\/02\/Ranglista_2012.pdf\"><strong>2012<\/strong><\/a><\/div>\n\n\n\n<div class=\"wp-block-button\"><a class=\"wp-block-button__link\" href=\"http:\/\/rrotulluesi-dardan.ch\/cms\/wp-content\/uploads\/2018\/04\/Ranglista-e-p\u00ebllumbave-akrobatik\u00eb-rrotullues-dynek-garues-t\u00eb-Shoqat\u00ebs-DARDANIA-n\u00eb-Zvic\u00ebr-p\u00ebr-vitin-2013.pdf\"><strong>2013<\/strong><\/a><\/div>\n\n\n\n<div class=\"wp-block-button\"><a class=\"wp-block-button__link\" href=\"http:\/\/rrotulluesi-dardan.ch\/cms\/wp-content\/uploads\/2026\/02\/Ranglista_2014.pdf\"><strong>2014<\/strong><\/a><\/div>\n\n\n\n<div class=\"wp-block-button\"><a class=\"wp-block-button__link\" href=\"http:\/\/rrotulluesi-dardan.ch\/cms\/wp-content\/uploads\/2018\/04\/Ranglista-e-p\u00ebllumbave-akrobatik\u00eb-rrotullues-dynek-garues-t\u00eb-Shoqat\u00ebs-DARDANIA-n\u00eb-Zvic\u00ebr-p\u00ebr-vitin-2015.pdf\"><strong>2015<\/strong><\/a><\/div>\n\n\n\n<div class=\"wp-block-button\"><a class=\"wp-block-button__link\" href=\"http:\/\/rrotulluesi-dardan.ch\/cms\/wp-content\/uploads\/2018\/04\/Ranglista-e-p\u00ebllumbave-akrobatik\u00eb-rrotullues-dynek-garues-t\u00eb-Shoqat\u00ebs-DARDANIA-n\u00eb-Zvic\u00ebr-p\u00ebr-vitin-2016.pdf\"><strong>2016<\/strong><\/a><\/div>\n\n\n\n<div class=\"wp-block-button\"><a class=\"wp-block-button__link\" href=\"http:\/\/rrotulluesi-dardan.ch\/cms\/wp-content\/uploads\/2018\/04\/Ranglista-e-p\u00ebllumbave-akrobatik\u00eb-rrotullues-dynek-garues-t\u00eb-Shoqat\u00ebs-DARDANIA-n\u00eb-Zvic\u00ebr-p\u00ebr-vitin-2017.pdf\"><strong>2017<\/strong><\/a><\/div>\n\n\n\n<div class=\"wp-block-button\"><a class=\"wp-block-button__link\" href=\"http:\/\/rrotulluesi-dardan.ch\/cms\/wp-content\/uploads\/2026\/02\/Ranglista-2018.pdf\"><strong>2018<\/strong><\/a><\/div>\n\n\n\n<div class=\"wp-block-button\"><a class=\"wp-block-button__link\" href=\"http:\/\/rrotulluesi-dardan.ch\/cms\/wp-content\/uploads\/2015\/04\/ranglista-e-pellumbave-akrobatike-rrotullues-dynek-garues-te-shoqates-dardania-ne-zvicer-per-vitin-2019.pdf\"><strong>2019<\/strong><\/a><\/div>\n\n\n\n<div class=\"wp-block-button\"><a class=\"wp-block-button__link\" href=\"http:\/\/rrotulluesi-dardan.ch\/cms\/wp-content\/uploads\/2026\/02\/Ranglista-2020.pdf\"><strong>2020<\/strong><\/a><\/div>\n\n\n\n<div class=\"wp-block-button\"><a class=\"wp-block-button__link\" href=\"http:\/\/rrotulluesi-dardan.ch\/cms\/wp-content\/uploads\/2024\/02\/Rang-Lista-2021.pdf\"><strong>2021<\/strong><\/a><\/div>\n\n\n\n<div class=\"wp-block-button\"><a class=\"wp-block-button__link\" href=\"http:\/\/rrotulluesi-dardan.ch\/cms\/wp-content\/uploads\/2024\/02\/Ranglista-e-pellumbave-akrobatike-rrotullues-dynek-garues-te-shoqates-Dardania-ne-Zvicer-per-vitin-2022.pdf\"><strong>2022<\/strong><\/a><\/div>\n\n\n\n<div class=\"wp-block-button\"><a class=\"wp-block-button__link\" href=\"http:\/\/rrotulluesi-dardan.ch\/cms\/wp-content\/uploads\/2024\/02\/Rang-Lista-2023.pdf\"><strong>2023<\/strong><\/a><\/div>\n\n\n\n<div class=\"wp-block-button\"><a class=\"wp-block-button__link\" href=\"http:\/\/rrotulluesi-dardan.ch\/cms\/wp-content\/uploads\/2026\/02\/Ranglista-2024.pdf\"><strong>2024<\/strong><\/a><\/div>\n\n\n\n<div class=\"wp-block-button\"><a class=\"wp-block-button__link\" href=\"http:\/\/rrotulluesi-dardan.ch\/cms\/wp-content\/uploads\/2026\/02\/Ranglista_2025.pdf\"><strong>2025<\/strong><\/a><\/div>\n<\/div>\n<\/div><\/div>\n\n\n\n<p><\/p>\n\n\n\n<div class=\"wp-block-columns\">\n<div class=\"wp-block-column\" style=\"flex-basis:100%\">\n<div class=\"wp-block-buttons\">\n<div class=\"wp-block-button\"><a class=\"wp-block-button__link\" href=\"http:\/\/rrotulluesi-dardan.ch\/cms\/wp-content\/uploads\/2015\/04\/ranglista_e_pellumbave_akrobatike_rrotullues_kosove.pdf\">Ranglista ne nivel te Kosoves- <strong><span class=\"has-inline-color has-pale-cyan-blue-color\">1991-2007<\/span><\/strong><\/a><\/div>\n\n\n\n<div class=\"wp-block-button\"><a class=\"wp-block-button__link\" href=\"http:\/\/rrotulluesi-dardan.ch\/cms\/wp-content\/uploads\/2015\/04\/Ranglista-e-p%C3%ABllumbave-akrobatik%C3%AB-rrotullues-dynek-garues-n%C3%AB.pdf\"> Ranglista ne nivel te regjional-Gjilan- Klubi &#8220;Kumra&#8221;- <strong><span class=\"has-inline-color has-pale-cyan-blue-color\">2003-2006<\/span><\/strong> <\/a><\/div>\n<\/div>\n<\/div>\n<\/div>\n","protected":false},"excerpt":{"rendered":"<p>\u00a0 \u00a0<\/p>","protected":false},"author":3,"featured_media":0,"parent":1031,"menu_order":0,"comment_status":"closed","ping_status":"open","template":"","meta":[],"_links":{"self":[{"href":"http:\/\/rrotulluesi-dardan.ch\/cms\/index.php?rest_route=\/wp\/v2\/pages\/1373"}],"collection":[{"href":"http:\/\/rrotulluesi-dardan.ch\/cms\/index.php?rest_route=\/wp\/v2\/pages"}],"about":[{"href":"http:\/\/rrotulluesi-dardan.ch\/cms\/index.php?rest_route=\/wp\/v2\/types\/page"}],"author":[{"embeddable":true,"href":"http:\/\/rrotulluesi-dardan.ch\/cms\/index.php?rest_route=\/wp\/v2\/users\/3"}],"replies":[{"embeddable":true,"href":"http:\/\/rrotulluesi-dardan.ch\/cms\/index.php?rest_route=%2Fwp%2Fv2%2Fcomments&post=1373"}],"version-history":[{"count":18,"href":"http:\/\/rrotulluesi-dardan.ch\/cms\/index.php?rest_route=\/wp\/v2\/pages\/1373\/revisions"}],"predecessor-version":[{"id":1716,"href":"http:\/\/rrotulluesi-dardan.ch\/cms\/index.php?rest_route=\/wp\/v2\/pages\/1373\/revisions\/1716"}],"up":[{"embeddable":true,"href":"http:\/\/rrotulluesi-dardan.ch\/cms\/index.php?rest_route=\/wp\/v2\/pages\/1031"}],"wp:attachment":[{"href":"http:\/\/rrotulluesi-dardan.ch\/cms\/index.php?rest_route=%2Fwp%2Fv2%2Fmedia&parent=1373"}],"curies":[{"name":"wp","href":"https:\/\/api.w.org\/{rel}","templated":true}]}}