{"id":1354,"date":"2015-04-05T15:22:01","date_gmt":"2015-04-05T14:22:01","guid":{"rendered":"http:\/\/rrotulluesi-dardan.ch\/cms\/?page_id=1354"},"modified":"2015-08-08T00:30:43","modified_gmt":"2015-08-07T22:30:43","slug":"njoftime-aktuale-2","status":"publish","type":"page","link":"http:\/\/rrotulluesi-dardan.ch\/cms\/?page_id=1354","title":{"rendered":"Njoftime Aktuale"},"content":{"rendered":"<table width=\"564\">\n<tbody>\n<tr>\n<td width=\"501\"><strong><a href=\"http:\/\/rrotulluesi-dardan.ch\/cms\/wp-content\/uploads\/2015\/04\/vendim.pdf\">VENDIM<\/a>\u00a0i p\u00ebrfaq\u00ebsuesve t\u00eb shoqat\u00ebs<\/strong><\/td>\n<td width=\"40\"><\/td>\n<\/tr>\n<tr>\n<td><strong><a href=\"http:\/\/rrotulluesi-dardan.ch\/cms\/wp-content\/uploads\/2015\/04\/anetare_shoqates2009.pdf\">AN\u00cbTAR\u00cb<\/a>\u00a0t\u00eb shoqat\u00ebs &#8220;DARDANIA&#8221; n\u00eb Zvic\u00ebr n\u00eb vitin 2009<\/strong><\/td>\n<td><\/td>\n<\/tr>\n<tr>\n<td><strong><a href=\"http:\/\/rrotulluesi-dardan.ch\/cms\/wp-content\/uploads\/2015\/04\/FLETEVLERESIM.pdf\">FLET\u00cbVLER\u00cbSIM<\/a>\u00a0i p\u00ebllumbave akrobatik\u00eb (rrotullues) t\u00eb Kosov\u00ebs<\/strong><\/td>\n<td><\/td>\n<\/tr>\n<tr>\n<td><strong><a href=\"http:\/\/rrotulluesi-dardan.ch\/cms\/wp-content\/uploads\/2015\/04\/pritje_ne_ambasaden_e_kosoves.pdf\">P\u00ebrfaq\u00ebsues t\u00eb shoqat\u00ebs &#8220;Dardania&#8221;<\/a>\u00a0<\/strong><strong>priten nga ambasadori i Kosov\u00ebs<\/strong><\/td>\n<td><\/td>\n<\/tr>\n<\/tbody>\n<\/table>\n<p style=\"text-align: center;\"><strong>* * *<\/strong><\/p>\n<p style=\"text-align: center;\"><strong>Njoftim<\/strong><\/p>\n<p><strong>Njoftohen t\u00eb gjith\u00eb kultivuesit dhe garuesit e p\u00ebllumbave akrobatik\u00eb t\u00eb Kosov\u00ebs se, n\u00eb vitin n\u00eb vijim, garat do t\u00eb fillojn\u00eb m\u00eb 2 mars 2013 dhe mbarojn\u00eb m\u00eb 12 dhjetor 2013. Gjat\u00eb pushimeve verore garat do t\u00eb pezullohen p\u00ebr aq sa do zgjasin k\u00ebto pushime, pra, prej 14 korrik 2013 deri m\u00eb 17 gusht 2013.<\/strong><\/p>\n<p><a href=\"http:\/\/rrotulluesi-dardan.ch\/cms\/wp-content\/uploads\/2015\/04\/njoftime_aktuale_clip_image001.jpg\"><img loading=\"lazy\" class=\"size-full wp-image-1366 aligncenter\" src=\"http:\/\/rrotulluesi-dardan.ch\/cms\/wp-content\/uploads\/2015\/04\/njoftime_aktuale_clip_image001.jpg\" alt=\"njoftime_aktuale_clip_image001\" width=\"450\" height=\"337\" srcset=\"http:\/\/rrotulluesi-dardan.ch\/cms\/wp-content\/uploads\/2015\/04\/njoftime_aktuale_clip_image001.jpg 450w, http:\/\/rrotulluesi-dardan.ch\/cms\/wp-content\/uploads\/2015\/04\/njoftime_aktuale_clip_image001-300x224.jpg 300w\" sizes=\"(max-width: 450px) 100vw, 450px\" \/><\/a><\/p>\n<p style=\"text-align: center;\"><strong>* * *<\/strong><br \/>\nPehari dhe medalja ,,Kampion evropian&#8221; &#8211; Dunek Kosove, B\u00ebrno 2004<br \/>\nt\u00eb cil\u00ebn e fitoi Shaip Sadiku nga Sllovenia<\/p>\n<p>&nbsp;<\/p>\n<p style=\"text-align: center;\"><strong>* * *<\/strong><\/p>\n<p><strong>28.12.2011<\/strong><\/p>\n<p style=\"text-align: center;\"><strong>Lajm\u00ebrim<\/strong><\/p>\n<p><strong>Lajm\u00ebrohen t\u00eb gjith\u00eb an\u00ebtar\u00ebt e Shoqat\u00ebs s\u00eb P\u00ebllumbave Akrobatik\u00eb t\u00eb Kosov\u00ebs n\u00eb Zvic\u00ebr, SHPAKZ &#8220;DARDANIA&#8221;, se kryesia e shoqat\u00ebs ka vendosur t\u00eb organizoj\u00eb dark\u00ebn e vitit p\u00ebr an\u00ebtar\u00ebsin\u00eb e saj.<\/strong><\/p>\n<p><strong>Kjo dark\u00eb organizohet m\u00eb 21.01.2012 n\u00eb restaurantin \u201cALBA\u201d, Freiburgstrasse 139, 3008 Bern Tel. 031 381 04 08, duke filluar nga ora 18:30.<\/strong><\/p>\n<p><strong>Shpenzimet e k\u00ebsaj darke do t\u00eb hiqen nga fondi i shoqat\u00ebs.<\/strong><\/p>\n<p><strong>Me rastin e k\u00ebsaj darke shoqata do t\u00eb prezanton para an\u00ebtar\u00ebve, simpatizant\u00ebve dhe mysafir\u00ebve t\u00eb vet\u00eb aktivitetin e saj gjat\u00eb vitit 2011.<\/strong><\/p>\n<p><strong>P\u00ebr informacione m\u00eb t\u00eb holl\u00ebsishme rreth k\u00ebsaj mbr\u00ebmjeje t\u00eb shoqat\u00ebs son\u00eb mund t\u00eb drejtoheni tek kryetari i shoqat\u00ebs, Avni Muharremi.<\/strong><\/p>\n<p><strong>Kryesia e Shoqat\u00ebs &#8220;Dardania&#8221;<\/strong><\/p>\n<p>&nbsp;<\/p>\n<p style=\"text-align: center;\"><strong>* * *<\/strong><\/p>\n<p>&nbsp;<\/p>\n<p style=\"text-align: center;\"><strong>Krijohet SUPERLIGA e garave t\u00eb p\u00ebllumbave<br \/>\nakrobatik\u00eb t\u00eb Kosov\u00ebs n\u00eb Zvic\u00ebr<\/strong><\/p>\n<p><strong>\u00a0<\/strong><\/p>\n<p>Tri shoqatat e njohura t\u00eb kultivimit t\u00eb p\u00ebllumbave akrobatik\u00eb rrotullues t\u00eb Kosov\u00ebs dhe organizimit t\u00eb garave t\u00eb tyre, Shoqata Krahsjellsi i Kosov\u00ebs, Shoqata e Rrotulluesit Dardan si dhe Shoqata Bardhoshi, pas bashk\u00ebbisedimeve t\u00eb vazhdueshme arrit\u00ebn q\u00eb t\u00eb organizojn\u00eb me sukses takimin themelues t\u00eb Superlig\u00ebs s\u00eb garave t\u00eb p\u00ebllumbave akrobatik\u00eb t\u00eb Kosov\u00ebs n\u00eb Zvic\u00ebr.<\/p>\n<p><a href=\"http:\/\/rrotulluesi-dardan.ch\/cms\/wp-content\/uploads\/2015\/04\/179-zvicer.jpg\"><img loading=\"lazy\" class=\"wp-image-1367 aligncenter\" src=\"http:\/\/rrotulluesi-dardan.ch\/cms\/wp-content\/uploads\/2015\/04\/179-zvicer.jpg\" alt=\"179-zvicer\" width=\"451\" height=\"301\" srcset=\"http:\/\/rrotulluesi-dardan.ch\/cms\/wp-content\/uploads\/2015\/04\/179-zvicer.jpg 1000w, http:\/\/rrotulluesi-dardan.ch\/cms\/wp-content\/uploads\/2015\/04\/179-zvicer-300x200.jpg 300w\" sizes=\"(max-width: 451px) 100vw, 451px\" \/><\/a><\/p>\n<p style=\"text-align: center;\">Kryetari i Komisionit t\u00eb Superlig\u00ebs, Rushit Rushiti<br \/>\nn\u00eb mesin e kryetar\u00ebve t\u00eb tri shoqatave,<br \/>\nAvni Muharremi, Sabit Sejdiu dhe Ymer Beqiri<\/p>\n<p>P\u00ebrfaq\u00ebsuesit e t\u00eb tri shoqatave t\u00eb p\u00ebllumbave akrobatik\u00eb rrotullues t\u00eb Kosov\u00ebs u takuan m\u00eb 21.10.2011 n\u00eb Bern, n\u00eb Pizzeria Kappelbr\u00fccke, duke kuror\u00ebzua aktivitetin e tyre t\u00eb bujsh\u00ebm me ngritjen e \u00e7atis\u00eb &#8211; SUPERLIG\u00cbN &#8211; n\u00ebn t\u00eb cil\u00ebn do t\u00eb garojn\u00eb tani e tutje k\u00ebto shoqata. N\u00eb m\u00ebnyr\u00eb unanime p\u00ebrfaq\u00ebsuesit e shoqatave arrit\u00ebn t\u00eb krijojn\u00eb nj\u00eb komision t\u00eb p\u00ebrbashk\u00ebt, i cili do t\u00eb merret me organizimin e garave t\u00eb Superlig\u00ebs s\u00eb p\u00ebllumbave akrobatik\u00eb t\u00eb Kosov\u00ebs. Ky komision i zgjedhur i Superlig\u00ebs p\u00ebrb\u00ebhet nga pes\u00eb an\u00ebtar\u00eb, ku dy shoqata p\u00ebrfaq\u00ebsohen me nga dy an\u00ebtar\u00eb, nd\u00ebrsa shoqata e cila e ka radh\u00ebn e kryesis\u00eb s\u00eb k\u00ebtij komisioni n\u00eb vitin e par\u00eb p\u00ebrfaq\u00ebsohet me vet\u00ebm nj\u00eb an\u00ebtar, i cili nj\u00ebkoh\u00ebsisht \u00ebsht\u00eb kryetari i k\u00ebtij Komisioni p\u00ebr nj\u00eb vit.<br \/>\nKryetari i Komisionit t\u00eb Superlig\u00ebs s\u00eb garave t\u00eb p\u00ebllumbave akrobatik\u00eb, do t\u00eb zgjidhet nj\u00eb her\u00eb n\u00eb vit dhe ate n\u00eb form\u00eb t\u00eb rotacionit. Shoqata e cila do ket\u00eb kryesimin e Komisionit, do t\u00eb p\u00ebrfaq\u00ebsohet vet\u00ebm me nj\u00eb an\u00ebtar, pra me kryetarin e Komisionit.<br \/>\nKomisioni i par\u00eb i Superlig\u00ebs s\u00eb garave t\u00eb p\u00ebllumbave akrobatik\u00eb t\u00eb Kosov\u00ebs n\u00eb Zvic\u00ebr p\u00ebrb\u00ebhet nga:<\/p>\n<table width=\"151\">\n<tbody>\n<tr>\n<td style=\"text-align: left;\"><strong>Isa Ismajli<br \/>\nSabit Sejdiu<br \/>\nRushit Rushiti, kryetar<br \/>\nLuan Maloku dhe<br \/>\nYmer Beqiri<\/strong><\/td>\n<\/tr>\n<\/tbody>\n<\/table>\n<p>N\u00eb k\u00ebt\u00eb takim p\u00ebrfaq\u00ebsuesit e shoqatave formuan edhe grupet e ve\u00e7anta p\u00ebr organizimin e garave t\u00eb p\u00ebllumbave akrobatik\u00eb t\u00eb Kosov\u00ebs, grupi i vler\u00ebsuesve, grupi i mbykqyr\u00ebsve t\u00eb garave si dhe grupi p\u00ebr matjen me dylbi t\u00eb gjat\u00ebsis\u00eb s\u00eb rrotullimit t\u00eb p\u00ebllumbave.<\/p>\n<p>Grupi i vler\u00ebsuesve p\u00ebrb\u00ebhet nga pes\u00eb an\u00ebtar\u00eb t\u00eb Krahsjellsit:<\/p>\n<p>Isa Ismajli<br \/>\nAgron Aliu<br \/>\nNaser Bajrami<br \/>\nEnver Elshani dhe<br \/>\nSabit Sejdiu<\/p>\n<p>pes\u00eb an\u00ebtar\u00eb t\u00eb Rrotulluesit Dardan:<\/p>\n<p>Naser Sahiti<br \/>\nHashim Aliqi<br \/>\nShaip Kurtaj<br \/>\nFadil Sabedini dhe<br \/>\nRushit Rushiti<\/p>\n<p>si dhe pes\u00eb an\u00ebtar\u00eb t\u00eb shoqat\u00ebs Bardhoshi:<\/p>\n<p>Ymer Beqiri<br \/>\nMilaim Morina<br \/>\nEroll Fazliu<br \/>\nSokol Shillova dhe<br \/>\nNexhmedin Tahiri<\/p>\n<p>Grupi mbykqyr\u00ebs i garave t\u00eb p\u00ebllumbave akrobatik\u00eb t\u00eb Kosov\u00ebs p\u00ebrb\u00ebhet nga.<\/p>\n<p>Muhamet Brahimi<br \/>\nLuan Berisha<br \/>\nShaip Kurtaj<br \/>\nRiza Rizai<br \/>\nZeqir Beqiri dhe<br \/>\nNaim Rexhepi<\/p>\n<p>Grupi i matjes me dylbi t\u00eb gjat\u00ebsis\u00eb s\u00eb rrotullimit t\u00eb p\u00ebllumbave p\u00ebrb\u00ebhet nga:<\/p>\n<p>Luan Berisha<br \/>\nHimet Limani<br \/>\nUrim Musliu<br \/>\nAfrim Rexhepi dhe<br \/>\nYmer Beqiri<\/p>\n<p>&nbsp;<\/p>\n<p style=\"text-align: center;\"><strong>* * *<\/strong><\/p>\n<p><strong>04.05.2011<\/strong><\/p>\n<p>&nbsp;<\/p>\n<p><a href=\"http:\/\/rrotulluesi-dardan.ch\/cms\/?p=1368\"><img loading=\"lazy\" class=\"aligncenter wp-image-1369 size-full\" src=\"http:\/\/rrotulluesi-dardan.ch\/cms\/wp-content\/uploads\/2015\/04\/07.me_ambasadorin.jpg\" alt=\"07.me_ambasadorin\" width=\"300\" height=\"246\" \/><\/a><\/p>\n<p style=\"text-align: center;\">Ambasadori i Kosov\u00ebs n\u00eb Bern\u00eb, z. Naim Mala<br \/>\npriti p\u00ebrfaq\u00ebsuesit e shoqat\u00ebs &#8220;Dardania&#8221;<\/p>\n<p style=\"text-align: center;\"><strong>* * *<\/strong><\/p>\n<p>&nbsp;<\/p>\n<p style=\"text-align: center;\"><strong>Njoftim<\/strong><\/p>\n<p><strong>19.04.2011<\/strong><\/p>\n<p><strong>MASAK\u00cbR N\u00cb KOTECIN E P\u00cbLLUMBAVE T\u00cb NJ\u00cb KULTIVUESI SHQIPTAR<\/strong><\/p>\n<p><strong>Njoftojm\u00eb an\u00ebtar\u00ebt dhe simpatizant\u00ebt e shoqat\u00ebs son\u00eb &#8220;Dardania&#8221; se, para dy jav\u00ebsh u krye nj\u00eb akt kriminal ndaj kotecit t\u00eb p\u00ebllumbave t\u00eb Jetmir Halimit n\u00eb M\u00fcnchenbuchse af\u00ebr Bernit, me \u00e7rast kriminel\u00ebt e panjohur deri m\u00eb tani i masakruan afro 60 p\u00ebllumbat e Jetmirit. Pas k\u00ebtij akti vandal dhe skandaloz, me prapavi kriminale, n\u00eb vendin e ngjarjes ishin edhe policia vendore si dhe pjes\u00ebtar t\u00eb &#8220;Tierschutz&#8221;, t\u00eb cil\u00ebt kan\u00eb qen\u00eb thell\u00eb t\u00eb tronditur nga kjo masak\u00ebr ndaj p\u00ebllumbave t\u00eb nj\u00eb kultivuesi t\u00eb apasionuar t\u00eb p\u00ebllumbave, Jetmir Halimit.<\/strong><\/p>\n<p><strong>Nga tronditja dhe mllefi p\u00ebr k\u00ebt\u00eb vep\u00ebr makabre dhe me prapavi t\u00eb thell\u00eb kriminale, kultivuesi i devotsh\u00ebm i p\u00ebllumbave shqiptar\u00eb, Jetmir Halimi vendosi t\u00eb heq dor\u00eb nga kultivimi i m\u00ebtutjesh\u00ebm i p\u00ebllumbave n\u00eb Zvic\u00ebr.<\/strong><\/p>\n<p><strong>Kryesia e shoqat\u00ebs son\u00eb si dhe an\u00ebtar\u00ebsia dhe simpatizant\u00ebt e shoqat\u00ebs solidarizohen me kultuivuesin e apasionuar Jetmir Halimin dhe n\u00eb k\u00ebto momente trondit\u00ebse p\u00ebr t\u00eb dhe t\u00eb gjith\u00eb neve, i q\u00ebndrojm\u00eb pran\u00eb dhe e ndjejm\u00eb thell\u00eb n\u00eb shpirt pik\u00ebllimin e tij. Ky pik\u00ebllim \u00ebsht\u00eb edhe i yni.<\/strong><\/p>\n<p><strong>Nga organet hetuese vednore k\u00ebrkojm\u00eb t\u00eb b\u00ebhen hetime t\u00eb plota dhe k\u00ebta kriminel\u00eb t\u00eb k\u00ebtij akti makab\u00ebr t\u00eb p\u00ebrgjigjen para gjyqit dhe drejt\u00ebsis\u00eb zvicerane, ku edhe ndodhi kjo masak\u00ebr ndaj k\u00ebtyre shpez\u00ebve tejet fisnike.<\/strong><\/p>\n<p><strong>Kryesia e shoqat\u00ebs &#8220;Dardania&#8221;<\/strong><\/p>\n<p>&nbsp;<\/p>\n<p style=\"text-align: center;\"><strong>* * *<\/strong><\/p>\n<p style=\"text-align: center;\"><strong>Videoin\u00e7izim nga ekspozita komb\u00ebtare e<br \/>\nP\u00ebllumbave t\u00eb Zvicr\u00ebs, mbajtur<\/strong>\u00a0<strong>m\u00eb 04.12.2010 n\u00eb Hutwil<\/strong><\/p>\n<p>&nbsp;<\/p>\n<p style=\"text-align: center;\"><strong>* * *<\/strong><br \/>\nEkstrakt nga ranglista e p\u00ebllumbave n\u00eb ekspozit\u00ebn komb\u00ebtare<br \/>\nt\u00eb p\u00ebllumbave t\u00eb Zvicr\u00ebs, mbajtur m\u00eb 04.12.2010 n\u00eb Hutwil<\/p>\n<p>&nbsp;<\/p>\n<p style=\"text-align: center;\"><strong>* * *<\/strong><\/p>\n<p><strong>02.10.2010, Uerkheim\/AG<\/strong><br \/>\nFaksimil nxjerr\u00eb nga faqja zyrtare e internetit e P\u00ebllumbave Zviceran\u00eb t\u00eb Rac\u00ebs<br \/>\nP\u00ebrkthimi i tekstit nga faksimili<\/p>\n<p><strong>0. Fjala p\u00ebrsh\u00ebndet\u00ebse e kryetarit t\u00eb P\u00ebllumbave t\u00eb Rac\u00ebs n\u00eb Zvic\u00ebr.<br \/>\nP. Huber p\u00ebrsh\u00ebndeti kryetarin e nderit Urs freiburghaus si dhe kryetar\u00ebt dhe drejtuesit e pranish\u00ebm t\u00eb klubeve. Ai konstaton me keqardhje se disa klube nuk kan\u00eb ardhur.<\/strong><\/p>\n<p><strong>1. Prezantimii nj\u00eb klubi t\u00eb ve\u00e7ant\u00eb: &#8220;Shoqata e P\u00ebllumbave Akrobatik\u00eb t\u00eb Kosov\u00ebs DARDANIA&#8221;<br \/>\nP\u00ebrfaq\u00ebsuesi Rushit Rushiti sjell p\u00ebrsh\u00ebndetjet e klubit t\u00eb tij nga Kosova &#8220;Dardania&#8221;. 33 an\u00ebtar\u00ebt e shoqat\u00ebs i p\u00ebrkushtohen kultivimit t\u00eb p\u00ebllumbave lartfluturues nga Kosova. Ai falenderohet p\u00ebr at\u00eb q\u00eb klubi i tij ka gjetur nj\u00eb sht\u00ebpi t\u00eb re n\u00ebn \u00e7atin\u00eb e shoqat\u00ebs s\u00eb P\u00ebllumbave Zviceran\u00eb t\u00eb Rac\u00ebs.<\/strong><\/p>\n<p><strong>Shoqata P\u00ebllumbat Zviceran\u00eb t\u00eb Rac\u00ebs don q\u00eb t\u00eb ftoj\u00eb shoqat\u00ebn kosovare &#8220;Dardania&#8221; n\u00eb ekspozit\u00ebn komb\u00ebtare. Prandaj ky klub do t\u00eb prezantoj\u00eb jasht\u00eb konkurenc\u00ebs llojet e p\u00ebllumbave t\u00eb vet n\u00eb Hutwil.<\/strong><\/p>\n<p><strong>\u00a0<\/strong><\/p>\n<p style=\"text-align: center;\"><strong>* * *<\/strong><\/p>\n<p><strong>\u00a0<\/strong><\/p>\n<p><strong>04.10.2010<\/strong><\/p>\n<p><strong>\u00a0<\/strong><\/p>\n<p><strong>Tubimi i kryetar\u00ebve dhe p\u00ebrfaq\u00ebsuesve t\u00eb shoqatave t\u00eb llojeve t\u00eb p\u00ebllumbave t\u00eb rac\u00ebs<\/strong><\/p>\n<p><strong>Klubet dhe shoqatat zvicerane t\u00eb cilat merren me kultiuvimin e p\u00ebllumbave t\u00eb llojeve t\u00eb ndryshme organizojn\u00eb nj\u00ebher\u00eb n\u00eb dy vitetubime t\u00eb p\u00ebrgjithshme, ku diskutohen t\u00eb arriturat dhe shk\u00ebmbehen p\u00ebrvojat.<\/strong><\/p>\n<p><strong>N\u00eb takimin e k\u00ebtij viti, i cili u mbajt m\u00eb 2 tetor 2010, n\u00eb restaurant Sonne n\u00eb Uerkheim t\u00eb kantonit Aargau, ishin t\u00eb ftuar edhe p\u00ebrfaq\u00ebsuesit e Shoqat\u00ebs s\u00eb P\u00ebllumbave Akrobatik\u00eb (rrotullues) t\u00eb Kosov\u00ebs n\u00eb Zvic\u00ebr. N\u00eb k\u00ebt\u00eb takim shoqat\u00ebn ton\u00eb e p\u00ebrfaq\u00ebsuan Avni Muharremi, kryetar i shoqat\u00ebs, Rushit Rushiti, sekretar si dhe Himet Limani, an\u00ebtar i shoqat\u00ebs.<\/strong><\/p>\n<p><strong>N\u00eb ftes\u00ebn e d\u00ebrguar klubeve dhe shoqatave t\u00eb kultivimit t\u00eb p\u00ebllumbave n\u00eb Zvic\u00ebr ishte paraqitur p\u00ebr k\u00ebt\u00eb manifestim edhe rendi i dit\u00ebs prej 7 pik\u00ebsh, prej t\u00eb cilave tri t\u00eb parat ishin:<\/strong><\/p>\n<p>1. Prezantimi i klubit t\u00eb ri special &#8220;Shoqata e P\u00ebllumbave Akrobatik\u00eb (rrotullues) t\u00eb Kosov\u00ebs n\u00eb Zvic\u00ebr&#8221;<br \/>\n2. Ndryshimet n\u00eb klubet speciale<br \/>\n3. Vaksinimet kund\u00ebr paramyksoviroz\u00ebs (kok\u00ebdridhjes)<br \/>\n4&#8230;.<\/p>\n<p><strong>\u00a0<\/strong><\/p>\n<p>Faksimili i ftes\u00ebs dhe zarfit nga Shoqata Zvicerane e P\u00ebllumbave t\u00eb rac\u00ebs<br \/>\n<strong>Nj\u00eb ftes\u00eb t\u00eb till\u00eb me k\u00ebnaq\u00ebsi e mori dhe e pranoi edhe kryesia e shoqat\u00ebs son\u00eb, duke d\u00ebrguar n\u00eb k\u00ebt\u00eb manifestim p\u00ebrfaq\u00ebsuesit e saj. Kryetari i Shoqat\u00ebs Federale Zvicerane t\u00eb P\u00ebllumbave t\u00eb rac\u00ebs, zot\u00ebri Paul Huber, k\u00ebrkoi nga p\u00ebrfaq\u00ebsuesit e shoqat\u00ebs son\u00eb njoftime lidhur me aktivitetin ton\u00eb. N\u00eb em\u00ebr t\u00eb shoqat\u00ebs son\u00eb pyetjeve q\u00eb u parashtruan u p\u00ebrgjigj n\u00eb gjuh\u00ebn gjermane sekretari i shoqat\u00ebs son\u00eb, zot\u00ebri Rushit Rushiti. N\u00eb debat \u00ebsht\u00eb kyqur edhe kryetari i shoqat\u00ebs son\u00eb, Avni Muharremi, i cili foli n\u00eb gjuh\u00ebn frenge.T\u00eb pranishmit ngel\u00ebn shum\u00eb t\u00eb k\u00ebnaqur me p\u00ebrgjigjet dhe treguan nj\u00eb interesim t\u00eb jasht\u00ebzakonsh\u00ebm p\u00ebr shoqat\u00ebn ton\u00eb, interesim i cili vihej n\u00eb dukje nga pyetjet q\u00eb parashtronin. Nj\u00eb nga pyetjet q\u00eb zgjoi interesim ishte vet\u00eb emri Dardania, pyetje s\u00eb cil\u00ebs me dinjitet iu p\u00ebrgjigj\u00ebn p\u00ebrfaq\u00ebsuesit tan\u00eb, duke ua shpjeguar pjes\u00ebmarr\u00ebsve dometh\u00ebnien e k\u00ebtij emri t\u00eb lasht\u00ebsis\u00eb, Kosov\u00ebs s\u00eb sotme.<\/strong><\/p>\n<table width=\"517\">\n<tbody>\n<tr>\n<td>Kryesia e pun\u00ebs s\u00eb manifestimit<\/td>\n<td>Pjes\u00ebmarr\u00ebs t\u00eb manifestimit, n\u00eb mesin e t\u00eb cil\u00ebve edhe p\u00ebrfaq\u00ebsuesit e shoqat\u00ebs son\u00eb<\/td>\n<\/tr>\n<\/tbody>\n<\/table>\n<p><strong>\u00a0<\/strong><\/p>\n<p>&nbsp;<\/p>\n<p style=\"text-align: center;\"><strong>* * *<\/strong><\/p>\n<p><strong>\u00a0<\/strong><\/p>\n<p><strong>01.10.2010<\/strong><\/p>\n<p><a href=\"http:\/\/rrotulluesi-dardan.ch\/images\/fotoalbum\/aktiviste\/17-shkresa.jpg\"><strong><br \/>\n<\/strong><\/a><\/p>\n<p>Faksimili i shkres\u00ebs s\u00eb sekretarit<br \/>\nt\u00eb shoqat\u00ebs &#8220;Dardania&#8221;<a href=\"http:\/\/rrotulluesi-dardan.ch\/images\/fotoalbum\/aktiviste\/17-shkresa.jpg\"><strong><br \/>\n<\/strong><\/a><a href=\"http:\/\/rrotulluesi-dardan.ch\/images\/fotoalbum\/aktiviste\/17-shkresa.jpg\"><strong><br \/>\n<\/strong><\/a><\/p>\n<p><strong>P\u00ebllumbat e Kosov\u00ebs pranohen n\u00eb ekspozitat federale\u00a0n\u00eb Zvic\u00ebr<\/strong><\/p>\n<p><strong>M\u00eb dat\u00ebn 12 qershor 2010, sekretari i Shoqat\u00ebs s\u00eb P\u00ebllumbave Akrobatik\u00eb (rrotullues) t\u00eb Kosov\u00ebs n\u00eb Zvic\u00ebr &#8220;Dardania&#8221;, zot\u00ebri Rushit Rushiti, i b\u00ebri nj\u00eb k\u00ebrkes\u00eb me shkrim n\u00ebnkryetarit t\u00eb Federat\u00ebs Zvicerane t\u00eb P\u00ebllumbave t\u00eb Rac\u00ebs, i cili nj\u00ebkoh\u00ebsiht \u00ebsht\u00eb dhe p\u00ebrgjegj\u00ebs i ekspozit\u00ebs s\u00eb p\u00ebllumbave n\u00eb nivel federal si dhe p\u00ebrfaq\u00ebsues n\u00eb at\u00eb evropian.<\/strong><\/p>\n<p><strong>N\u00eb k\u00ebt\u00eb shkres\u00eb zot\u00ebri Rushiti parashtroi k\u00ebrkes\u00ebn e shoqat\u00ebs p\u00ebr t&#8217;u p\u00ebrfaq\u00ebsuar me dy standarde t\u00eb p\u00ebllumbave nga Kosova.<\/strong><\/p>\n<p><strong>K\u00ebrkesa \u00ebsht\u00eb mir\u00ebpritur dhe sekretarit t\u00eb shoqat\u00ebs i jan\u00eb d\u00ebrguar formular\u00ebt e paraqitjes p\u00ebr ekspozitat e p\u00ebllumbave n\u00eb nivel federal si dhe n\u00eb ato me karakter nd\u00ebrkomb\u00ebtar t\u00eb nivelit evropian.<\/strong><\/p>\n<p><strong>Sekretari i shoqat\u00ebs son\u00eb ka pasur nj\u00eb takim t\u00eb drejtp\u00ebrdrejt\u00eb me drejtuesit e Shoqat\u00ebs Federale Zvicerane t\u00eb P\u00ebllumbave t\u00eb Rac\u00ebs, t\u00eb cil\u00ebt i shpreh\u00ebn p\u00ebrkrahjen dhe mb\u00ebshtetjen pa rezerv\u00eb n\u00eb aktivitetet e shoqat\u00ebs son\u00eb. Ata u treguan t\u00eb gatsh\u00ebm q\u00eb t\u00eb mbrojn\u00eb interesat tona edhe n\u00eb nivelin evropian t\u00eb ekspozitave t\u00eb p\u00ebllumbave.<\/strong><\/p>\n<p><strong>\u00a0<\/strong><\/p>\n<p style=\"text-align: center;\"><strong>* * *<\/strong><\/p>\n<p><strong>18.11.2009<\/strong><\/p>\n<p><strong>Lajm\u00ebrim<\/strong><\/p>\n<p><strong>Lajm\u00ebrohen t\u00eb gjith\u00eb an\u00ebtar\u00ebt e Shoqat\u00ebs s\u00eb P\u00ebllumbave Akrobatik\u00eb t\u00eb Kosov\u00ebs n\u00eb Zvic\u00ebr, SHPAKZ &#8220;DARDANIA&#8221;, se kryesia e shoqat\u00ebs ka vendosur t\u00eb organizoj\u00eb dark\u00ebn e vitit p\u00ebr an\u00ebtar\u00ebsin\u00eb e saj.<\/strong><\/p>\n<p><strong>Kjo dark\u00eb organizohet m\u00eb 23 janar 2010 n\u00eb restaurantin Pizzeria Reusszopf, me adres\u00eb: Reusszopfweg 14, 6015 Reussb\u00fchl, (af\u00ebr Luzern-it), duke filluar nga ora 18:30.<\/strong><\/p>\n<p><strong>Shpenzimet e k\u00ebsaj darke do t\u00eb hiqen nga fondi i shoqat\u00ebs.<\/strong><\/p>\n<p><strong>Kjo dark\u00eb \u00ebsht\u00eb nj\u00eb rast p\u00ebr ne t\u00eb gjith\u00eb q\u00eb t\u00eb njoftohemi edhe rreth gjith\u00eb aktivitetit t\u00eb shoqat\u00ebs son\u00eb gjat\u00eb vitit 2009, kur edhe do b\u00ebhet shp\u00ebrndarja e shp\u00ebrblimeve p\u00ebr p\u00ebllumbat garues t\u00eb k\u00ebtij viti.<\/strong><\/p>\n<p><strong>P\u00ebr informacione m\u00eb t\u00eb holl\u00ebsishme dhe k\u00ebsaj mbr\u00ebmjeje t\u00eb shoqat\u00ebs son\u00eb mund t\u00eb drejtoheni tek kryetari i shoqat\u00ebs, Shaip Kurtaj.<\/strong><\/p>\n<p><strong>Kryesia e Shoqat\u00ebs &#8220;Dardania&#8221;<\/strong><\/p>\n<p><strong>\u00a0<\/strong><\/p>\n<p style=\"text-align: center;\"><strong>* * *<\/strong><\/p>\n<p><strong>\u00a0<\/strong><\/p>\n<p><strong>03.07.2009<\/strong><\/p>\n<p><strong>Njoftim<\/strong><\/p>\n<p><strong>Ju njoftojm\u00eb se sot po fillojm\u00eb t\u00eb botojm\u00eb ranglistat e p\u00ebllumbave rrotullues n\u00ebp\u00ebr garat n\u00eb nivel t\u00eb Kosov\u00ebs q\u00eb nga viti 1991, si dhe t\u00eb ranglistave t\u00eb tjera regjionale dhe ato t\u00eb organizuara n\u00eb diaspor\u00eb.<\/strong><\/p>\n<p><strong>Prandaj, p\u00ebr t\u00eb par\u00eb k\u00ebto ranglista mund t\u00eb klikoni n\u00eb rubrik\u00ebn &#8220;<a href=\"http:\/\/rrotulluesi-dardan.ch\/content\/ranglista_e_garave.htm\">Ranglista e garave<\/a>&#8220;, t\u00eb cil\u00ebn sot po e aktivizojm\u00eb.<\/strong><\/p>\n<p><strong>\u00a0<\/strong><\/p>\n<p style=\"text-align: center;\"><strong>* * *<\/strong><\/p>\n<p><strong>\u00a0<\/strong><\/p>\n<p><strong>01.07.2009<\/strong><\/p>\n<p><strong>Njoftim p\u00ebr gara m\u00eb 04.07.2009<\/strong><\/p>\n<p><strong>T\u00eb nderuar an\u00ebtar\u00eb dhe simpatizant\u00eb t\u00eb shoqat\u00ebs &#8220;Dardania&#8221; n\u00eb Zvic\u00ebr.<\/strong><\/p>\n<p><strong>Ju njoftojm\u00eb se t\u00eb shtun\u00ebn, m\u00eb 04.07. 2009, n\u00eb Seftingen, \u00ebsht\u00eb paraqitur p\u00ebr gara me nj\u00eb p\u00ebllumb Sadedin Jashari. Garat do t\u00eb fillojn\u00eb n\u00eb ora 19.00.<\/strong><\/p>\n<p><strong>Lidhur me k\u00ebto gara mund t\u00eb njoftoheni edhe te kryetari i shoqat\u00ebs, Shaip Kurtaj, n\u00eb numrin e tel. 079 612 24 93<\/strong><\/p>\n<p>&nbsp;<\/p>\n<p style=\"text-align: center;\"><strong>* * *<\/strong><\/p>\n<p>&nbsp;<\/p>\n<p><strong>Njoftim<\/strong><\/p>\n<p><strong>Njoftojm\u00eb an\u00ebtar\u00ebt dhe simpatizant\u00ebt e Shoqat\u00ebs s\u00eb P\u00ebllumbave Akrobatik\u00eb t\u00eb Kosov\u00ebs n\u00eb Zvic\u00ebr, si dhe gjith\u00eb dashamir\u00ebt e k\u00ebtij sporti si n\u00eb Kosov\u00eb ashtu edhe n\u00eb diaspor\u00eb se, federata zvicerane e kultivuesve t\u00eb racave t\u00eb p\u00ebllumbave me seli n\u00eb Berg t\u00eb Zvicr\u00ebs, m\u00eb 9 qershor 2009 e njoftoi shoqat\u00ebn ton\u00eb se \u00ebsht\u00eb pranuar k\u00ebrkesa jon\u00eb p\u00ebr an\u00ebtar\u00ebsim n\u00eb federat\u00ebn zvicerane t\u00eb kultivuesve t\u00eb p\u00ebllumbave t\u00eb rac\u00ebs.<\/strong><\/p>\n<p><strong>Kjo \u00ebsht\u00eb edhe nj\u00eb fitore tjet\u00ebr e radh\u00ebs e shoqat\u00ebs son\u00eb drejt njohjes dhe pranimit nd\u00ebrkomb\u00ebtar, gj\u00eb e cila do t\u00eb na mund\u00ebsoj\u00eb pjes\u00ebmarrjen n\u00ebp\u00ebr garat dhe ekspozitat nd\u00ebrkomb\u00ebtare t\u00eb p\u00ebllumbave.<\/strong><\/p>\n<p>10.06.2009<\/p>\n<p><strong>\u00a0<\/strong><\/p>\n<table width=\"507\">\n<tbody>\n<tr>\n<td><strong>Faksimili i letr\u00ebs njoftuese p\u00ebr pranimin e Shoqat\u00ebs s\u00eb P\u00ebllumbave Akrobatik\u00eb t\u00eb Kosov\u00ebs n\u00eb Zvic\u00ebr n\u00eb federat\u00ebn zvicerane t\u00eb<br \/>\np\u00ebllumbave t\u00eb rac\u00ebs<\/strong><\/td>\n<\/tr>\n<\/tbody>\n<\/table>\n<p style=\"text-align: center;\"><strong><br \/>\n* * *<\/strong><\/p>\n<p>&nbsp;<\/p>\n","protected":false},"excerpt":{"rendered":"<p>VENDIM\u00a0i p\u00ebrfaq\u00ebsuesve t\u00eb shoqat\u00ebs AN\u00cbTAR\u00cb\u00a0t\u00eb shoqat\u00ebs &#8220;DARDANIA&#8221; n\u00eb Zvic\u00ebr n\u00eb vitin 2009 FLET\u00cbVLER\u00cbSIM\u00a0i p\u00ebllumbave akrobatik\u00eb (rrotullues) t\u00eb Kosov\u00ebs P\u00ebrfaq\u00ebsues t\u00eb shoqat\u00ebs &#8220;Dardania&#8221;\u00a0priten nga ambasadori i Kosov\u00ebs * * * Njoftim Njoftohen t\u00eb gjith\u00eb kultivuesit dhe garuesit e p\u00ebllumbave akrobatik\u00eb t\u00eb Kosov\u00ebs se, n\u00eb vitin n\u00eb vijim, garat do t\u00eb fillojn\u00eb m\u00eb 2 mars 2013 dhe [&hellip;]<\/p>","protected":false},"author":3,"featured_media":0,"parent":1031,"menu_order":0,"comment_status":"closed","ping_status":"open","template":"","meta":[],"_links":{"self":[{"href":"http:\/\/rrotulluesi-dardan.ch\/cms\/index.php?rest_route=\/wp\/v2\/pages\/1354"}],"collection":[{"href":"http:\/\/rrotulluesi-dardan.ch\/cms\/index.php?rest_route=\/wp\/v2\/pages"}],"about":[{"href":"http:\/\/rrotulluesi-dardan.ch\/cms\/index.php?rest_route=\/wp\/v2\/types\/page"}],"author":[{"embeddable":true,"href":"http:\/\/rrotulluesi-dardan.ch\/cms\/index.php?rest_route=\/wp\/v2\/users\/3"}],"replies":[{"embeddable":true,"href":"http:\/\/rrotulluesi-dardan.ch\/cms\/index.php?rest_route=%2Fwp%2Fv2%2Fcomments&post=1354"}],"version-history":[{"count":10,"href":"http:\/\/rrotulluesi-dardan.ch\/cms\/index.php?rest_route=\/wp\/v2\/pages\/1354\/revisions"}],"predecessor-version":[{"id":1513,"href":"http:\/\/rrotulluesi-dardan.ch\/cms\/index.php?rest_route=\/wp\/v2\/pages\/1354\/revisions\/1513"}],"up":[{"embeddable":true,"href":"http:\/\/rrotulluesi-dardan.ch\/cms\/index.php?rest_route=\/wp\/v2\/pages\/1031"}],"wp:attachment":[{"href":"http:\/\/rrotulluesi-dardan.ch\/cms\/index.php?rest_route=%2Fwp%2Fv2%2Fmedia&parent=1354"}],"curies":[{"name":"wp","href":"https:\/\/api.w.org\/{rel}","templated":true}]}}