{"id":1340,"date":"2015-03-31T21:53:57","date_gmt":"2015-03-31T20:53:57","guid":{"rendered":"http:\/\/rrotulluesi-dardan.ch\/cms\/?page_id=1340"},"modified":"2015-03-31T21:53:57","modified_gmt":"2015-03-31T20:53:57","slug":"pellumbi-gjylia-e-kosoves","status":"publish","type":"page","link":"http:\/\/rrotulluesi-dardan.ch\/cms\/?page_id=1340","title":{"rendered":"P\u00ebllumbi Gjylia e Kosov\u00ebs"},"content":{"rendered":"<p><strong>Gjylia e Kosov\u00ebs <\/strong><\/p>\n<p>&nbsp;<\/p>\n<p><a href=\"http:\/\/rrotulluesi-dardan.ch\/cms\/wp-content\/uploads\/2015\/03\/04-gjylia-e-kosoves.jpg\"><img loading=\"lazy\" class=\"wp-image-1341 aligncenter\" src=\"http:\/\/rrotulluesi-dardan.ch\/cms\/wp-content\/uploads\/2015\/03\/04-gjylia-e-kosoves.jpg\" alt=\"04-gjylia-e-kosoves\" width=\"323\" height=\"233\" \/><\/a><\/p>\n<p>&nbsp;<\/p>\n<p><strong>Prejardhja<\/strong>&#8211; Gjylia e Kosov\u00ebs kultivohet qe 350 deri 400 vite dhe ka ardhur n\u00eb k\u00ebt\u00eb pjes\u00eb t\u00eb Evrop\u00ebs nga Egjipti n\u00ebp\u00ebrmjet Anadollit. N\u00eb t\u00ebnj\u00ebjt\u00ebn koh\u00eb kan\u00eb ardhur edhe gjylit\u00eb e Italis\u00eb, Franc\u00ebs, Gjermanis\u00eb, Holand\u00ebs dhe Anglis\u00eb.<\/p>\n<p><strong>Ve\u00e7orit\u00eb<\/strong> \u2013 I takon grupit t\u00eb p\u00ebllumbave t\u00eb vegj\u00ebl. \u00cbsht\u00eb i bukur e me trup t\u00eb harmonizuar dhe proporcional gjat\u00ebsia e t\u00eb cilit arrin 28.5\u201330 cm. Me vij\u00eb t\u00eb bukur horizontale, elegante dhe me diskonim t\u00eb mir\u00eb.<\/p>\n<p><strong>Koka<\/strong>&#8211; Gjylia e ka kok\u00ebn e vog\u00ebl n\u00eb form\u00eb t\u00eb rrumbullaket, t\u00eb bukur dhe t\u00eb l\u00ebmuar, pa xhufk\u00eb, gjat\u00ebsia e s\u00eb cil\u00ebs e matur horizontalisht prej sqepit e deri tek zverku arrin 3.1\u2013 3.3 cm.<\/p>\n<p><strong>Syt\u00eb <\/strong>\u2013 Syt\u00eb i ka t\u00eb m\u00ebdhenj rrethi i t\u00eb cilave arrin n\u00eb 5.1 mm. Kan\u00eb ngjyr\u00eb t\u00eb err\u00ebt, nd\u00ebrsa shum\u00eb prej tyre kan\u00eb n\u00eb nj\u00ebrin sy nj\u00eb gjysm\u00ebh\u00ebne me ngjyr\u00eb t\u00eb kuq\u00ebrremt\u00eb ose t\u00eb verdh\u00eb dhe e verdh\u00eb n\u00eb t\u00eb \u00e7elur.<\/p>\n<p><strong>Sqepi<\/strong>&#8211; Sqepi i gjyliis\u00eb \u00ebsht\u00eb i shkurt\u00ebr dhe i trash\u00eb prej maj\u00ebs e deri mbi hund\u00eb dhe ka nj\u00eb gjat\u00ebsi 5\u20136 mm. Ai ka ngjyr\u00eb t\u00eb bardh\u00eb por lejohet dhe ngjyra e zez\u00eb. Lythat e hund\u00ebs i ka t\u00eb but\u00eb dhe t\u00eb rrafsh\u00ebta.<\/p>\n<p><strong>Qafa<\/strong>&#8211; Qafa e gjylis\u00eb \u00ebsht\u00eb e shkurt\u00ebr, e trash\u00eb dhe n\u00eb harmoni me kok\u00ebn. N\u00eb pjes\u00ebn e p\u00ebrparm\u00eb t\u00eb qaf\u00ebs i ka nj\u00eb tuf\u00eb me pupla e dalur p\u00ebrjasht\u00eb n\u00eb form\u00eb t\u00eb tr\u00ebndafilit.<\/p>\n<p><strong>Kraharori<\/strong>&#8211; Me nj\u00eb gjer\u00ebsi mesatare dhe n\u00eb p\u00ebrputhshm\u00ebri me form\u00ebn e trupit kraharori \u00ebsht\u00eb i rrumbullak\u00ebt dhe pak i mys\u00ebt dhe arrin deri 7.6\u20138.4 cm gjer\u00ebsia.<\/p>\n<p><strong>Shpina<\/strong>&#8211; \u00cbsht\u00eb e t\u00ebrhequr mir\u00eb dhe n\u00eb p\u00ebrputhshm\u00ebri me form\u00ebn e trupit dhe ate t\u00eb bishtit.<\/p>\n<p><strong>Krah\u00ebt<\/strong>&#8211; Kan\u00eb form\u00eb mesatarisht t\u00eb mir\u00eb dhe t\u00eb palosur mir\u00eb p\u00ebr trupi. P\u00ebr 2.3\u20132.8 cm jan\u00eb m\u00eb t\u00eb shkurt\u00ebr se bishti.<\/p>\n<p><strong>Bishti<\/strong>&#8211; \u00cbsht\u00eb i vendosur mir\u00eb dhe ma i gjat\u00eb ae flatrat si dhe bart\u00eb 12 pend\u00eb.<\/p>\n<p><strong>K\u00ebmb\u00ebt<\/strong>&#8211; K\u00ebmb\u00ebt i ka t\u00eb shkurtra dhe t\u00eb fuqishme, me ngjyr\u00eb t\u00eb kuqe ose t\u00eb err\u00ebt, gjat\u00ebsia e t\u00eb cilave arrin 6.5\u20137 cm. Ngjyra e kthetrave \u00ebsht\u00eb e nj\u00ebjta me at\u00eb t\u00eb sqepit, por ka dhe me ngjyra t\u00eb ndryshme.<\/p>\n<p><strong>Puplat<\/strong>&#8211; Gjylija i ka puplat e shkurtra dhe vezulluese, t\u00eb dendura t\u00eb mbjellura dhe t\u00eb palosura mir\u00eb p\u00ebr trupi.<\/p>\n<p><strong>Ngjyra<\/strong>&#8211; Gjylia e Kosov\u00ebs p\u00ebrb\u00ebhet nga dy ngjyra, at\u00eb t\u00eb trupit dhe t\u00eb krah\u00ebve. N\u00ebn bisht ka dy njolla me ngjyr\u00ebn e krah\u00ebve por ka dhe t\u00eb till\u00eb pa njolla. P.sh. krah\u00ebzikrahkuqosh \u2013 krahverdhosh- krahvjollcash- krahlimon- krahkalt\u00ebroshkrahbezh\u00eb t\u00eb \u00e7elur \u2013 ose p.sh. gjylia bardhosh \u2013 dhe bardhosh bishtzi. Nga gjylit\u00eb m\u00eb t\u00eb preferuara nga kultivuesitjan\u00eb ato me balluke.<\/p>\n<p><strong>T\u00eb metat<\/strong>: P\u00ebllumbat gjylija me t\u00eb meta llogariten ata me trup e kok\u00eb t\u00eb madhe ose n\u00eb form\u00eb katrore, me sy t\u00eb kuq e t\u00eb vegj\u00ebl, sqep t\u00eb gjat\u00eb, k\u00ebmb\u00ebt me pupla, njolla n\u00eb trup, nj\u00ebrin krah pa ngjyr\u00eb, me karakterjo t\u00eb mir\u00eb dhe me fluturim t\u00eb dob\u00ebt.<\/p>\n<p><strong>Unaza e k\u00ebmb\u00ebs<\/strong>: 7mm<\/p>\n<p><strong>Hartuesi i standardit<\/strong>:<\/p>\n<p><strong>Rushit Rushiti \u2013 njoh\u00ebs i p\u00ebllumbave <\/strong><\/p>\n<p><strong>Emmen \/LU \u2013 Zvic\u00ebr, 17.06.2006<\/strong><\/p>\n","protected":false},"excerpt":{"rendered":"<p>Gjylia e Kosov\u00ebs &nbsp; &nbsp; Prejardhja&#8211; Gjylia e Kosov\u00ebs kultivohet qe 350 deri 400 vite dhe ka ardhur n\u00eb k\u00ebt\u00eb pjes\u00eb t\u00eb Evrop\u00ebs nga Egjipti n\u00ebp\u00ebrmjet Anadollit. N\u00eb t\u00ebnj\u00ebjt\u00ebn koh\u00eb kan\u00eb ardhur edhe gjylit\u00eb e Italis\u00eb, Franc\u00ebs, Gjermanis\u00eb, Holand\u00ebs dhe Anglis\u00eb. Ve\u00e7orit\u00eb \u2013 I takon grupit t\u00eb p\u00ebllumbave t\u00eb vegj\u00ebl. \u00cbsht\u00eb i bukur e me [&hellip;]<\/p>","protected":false},"author":3,"featured_media":0,"parent":1326,"menu_order":0,"comment_status":"closed","ping_status":"open","template":"","meta":[],"_links":{"self":[{"href":"http:\/\/rrotulluesi-dardan.ch\/cms\/index.php?rest_route=\/wp\/v2\/pages\/1340"}],"collection":[{"href":"http:\/\/rrotulluesi-dardan.ch\/cms\/index.php?rest_route=\/wp\/v2\/pages"}],"about":[{"href":"http:\/\/rrotulluesi-dardan.ch\/cms\/index.php?rest_route=\/wp\/v2\/types\/page"}],"author":[{"embeddable":true,"href":"http:\/\/rrotulluesi-dardan.ch\/cms\/index.php?rest_route=\/wp\/v2\/users\/3"}],"replies":[{"embeddable":true,"href":"http:\/\/rrotulluesi-dardan.ch\/cms\/index.php?rest_route=%2Fwp%2Fv2%2Fcomments&post=1340"}],"version-history":[{"count":1,"href":"http:\/\/rrotulluesi-dardan.ch\/cms\/index.php?rest_route=\/wp\/v2\/pages\/1340\/revisions"}],"predecessor-version":[{"id":1342,"href":"http:\/\/rrotulluesi-dardan.ch\/cms\/index.php?rest_route=\/wp\/v2\/pages\/1340\/revisions\/1342"}],"up":[{"embeddable":true,"href":"http:\/\/rrotulluesi-dardan.ch\/cms\/index.php?rest_route=\/wp\/v2\/pages\/1326"}],"wp:attachment":[{"href":"http:\/\/rrotulluesi-dardan.ch\/cms\/index.php?rest_route=%2Fwp%2Fv2%2Fmedia&parent=1340"}],"curies":[{"name":"wp","href":"https:\/\/api.w.org\/{rel}","templated":true}]}}