{"id":1332,"date":"2015-03-31T21:29:21","date_gmt":"2015-03-31T20:29:21","guid":{"rendered":"http:\/\/rrotulluesi-dardan.ch\/cms\/?page_id=1332"},"modified":"2015-03-31T22:02:05","modified_gmt":"2015-03-31T21:02:05","slug":"pellumbi-akrobatik-rrotullues-i-kosoves","status":"publish","type":"page","link":"http:\/\/rrotulluesi-dardan.ch\/cms\/?page_id=1332","title":{"rendered":"P\u00ebllumbi akrobatik (rrotullues) i Kosov\u00ebs"},"content":{"rendered":"<p><strong>P\u00ebllumbi akrobatik (rrotullues) i Kosov\u00ebs<\/strong><\/p>\n<p>&nbsp;<\/p>\n<p><a href=\"http:\/\/rrotulluesi-dardan.ch\/cms\/wp-content\/uploads\/2015\/03\/03-akrobatik-i-kosoves.jpg\"><img loading=\"lazy\" class=\" wp-image-1344 aligncenter\" src=\"http:\/\/rrotulluesi-dardan.ch\/cms\/wp-content\/uploads\/2015\/03\/03-akrobatik-i-kosoves.jpg\" alt=\"03-akrobatik-i-kosoves\" width=\"361\" height=\"285\" srcset=\"http:\/\/rrotulluesi-dardan.ch\/cms\/wp-content\/uploads\/2015\/03\/03-akrobatik-i-kosoves.jpg 455w, http:\/\/rrotulluesi-dardan.ch\/cms\/wp-content\/uploads\/2015\/03\/03-akrobatik-i-kosoves-300x236.jpg 300w\" sizes=\"(max-width: 361px) 100vw, 361px\" \/><\/a><\/p>\n<p>&nbsp;<\/p>\n<p><strong>Prejardhja<\/strong> &#8211; P\u00ebr prejardhjen e k\u00ebtij p\u00ebllumbi akrobatik t\u00eb Kosov\u00ebs mendohet se vjen nga Turqia, por e v\u00ebrteta \u00ebsht\u00eb ndryshe. Me kryq\u00ebzimin e p\u00ebllumbit &#8220;roller&#8221; oriental me p\u00ebllumbin e eg\u00ebr apo t\u00eb rrug\u00ebs arrihet nj\u00eb rac\u00eb e re p\u00ebllumbi, p\u00ebllumbi rrotullues &#8211; akrobatik. P\u00ebllumbin e par\u00eb &#8220;roller&#8221; n\u00eb Evrop\u00eb e soll\u00ebn ilir\u00ebt. P\u00ebllumbi akrobatik i Kosov\u00ebs dallohet nga p\u00ebllumbat e Maqedonis\u00eb, Greqis\u00eb dhe ata t\u00eb Turqis\u00eb.<\/p>\n<p><strong>Ve\u00e7orit\u00eb<\/strong> &#8211; P\u00ebr nga pamja ky p\u00ebllumb \u00ebsht\u00eb m\u00eb i madh se p\u00ebllumbat e zakonsh\u00ebm dhe ata t\u00eb qytetit. Gjat\u00ebsia e kok\u00ebs deri te bishti \u00ebsht\u00eb 31\u201333 cm. Trupi i tij \u00ebsht\u00eb me gjoks pak t\u00eb dal\u00eb jasht\u00eb. Ka karakter t\u00eb fort\u00eb dhe \u00ebsht\u00eb i d\u00ebgjuesh\u00ebm.<\/p>\n<p><strong>Koka<\/strong> &#8211; Forma e kok\u00ebs \u00ebsht\u00eb gati e rrumbullak\u00ebt, duke ndryshuar n\u00eb t\u00eb dy an\u00ebt n\u00eb nivelin e syve &#8211; pak e shtypur. Balli n\u00eb lart\u00ebsi mesatare. Gjat\u00ebsia e kok\u00ebs arrin 3.4\u2013 3.6 cm, Nd\u00ebrsa te p\u00ebllumbesha koka, qafa dhe trupi n\u00eb p\u00ebrgjith\u00ebsi jan\u00eb di\u00e7ka m\u00eb t\u00eb ngusht\u00eb dhe me nj\u00eb pamje m\u00eb elegante.<\/p>\n<p><strong>Syt\u00eb <\/strong>&#8211; Syt\u00eb i ka t\u00eb bardh\u00eb dhe t\u00eb past\u00ebr, por ka p\u00ebllumba q\u00eb kan\u00eb sy t\u00eb zinj ose ngjyr\u00eb t\u00eb verdh\u00eb t\u00eb \u00e7elur, ngjyr\u00eb bezh\u00eb, ose e kuq\u00ebrremt\u00eb e \u00e7elur. N\u00eb raste t\u00eb rralla paraqiten p\u00ebllumba me sy t\u00eb kuq, fenomen i cili p\u00ebr kultivuesit e p\u00ebllumbave nuk \u00ebsht\u00eb aspak i d\u00ebshiruar.<\/p>\n<p><strong>Sqepi<\/strong> &#8211; Nga maja e sqepit e deri te nofulla ka nj\u00eb gjat\u00ebsi prej 2.3\u20132.6 cm. Sqepi n\u00eb maje \u00ebsht\u00eb pak i kthyer. Sqepi ka ngjyr\u00eb t\u00eb bardh\u00eb, t\u00eb zez\u00eb dhe t\u00eb verdh\u00eb n\u00eb t\u00eb \u00e7elur.<\/p>\n<p><strong>Qafa<\/strong> &#8211; Qafa \u00ebsht\u00eb n\u00eb proporcion harmonik me kok\u00ebn dhe kraharorin. Ka nj\u00eb gjat\u00ebsi normale, \u00ebsht\u00eb pak e dalur nga kraharori dhe elegante.<\/p>\n<p><strong>Kraharori <\/strong>&#8211; Kraharori i p\u00e4llumbit rrotullues t\u00e4 Kosov\u00e4s \u00e4sht\u00e4 i fuqish\u00e4m dhe pak i zgjatur, me nj\u00e4 gjer\u00e4si t\u00e4 p\u00e4rshtatshme me trupin.<\/p>\n<p><strong>Krah\u00ebt<\/strong> &#8211; Krah\u00e4t i ka t\u00e4 gjat\u00e4 dhe t\u00e4 fuqish\u00e4m, t\u00e4 palosur mir\u00e4 p\u00e4r trupi dhe majat e flatrave i rrin\u00e4 mbi bisht.<\/p>\n<p><strong>Bishti<\/strong> &#8211; Bishti i k\u00e4tij p\u00e4llumbi \u00e4sht\u00e4 i gjat\u00e4 dhe i gjer\u00e4. \u00cbsht\u00e4 m\u00e4 i gjat\u00e4 se flatrat p\u00e4r 2.5\u20133 cm. N\u00e4 bisht i ka 14 deri 16 pend\u00e4, t\u00e4 cilat jan\u00e4 t\u00e4 renditura mir\u00e4 dhe kan\u00e4 gjat\u00e4si t\u00e4 nj\u00e4jt\u00e4.<\/p>\n<p><strong>K\u00ebmb\u00ebt<\/strong> &#8211; K\u00e4mb\u00e4t i ka t\u00e4 pastra dhe pa pupla. Ka p\u00e4llumba t\u00e4 till\u00e4 tek t\u00e4 cil\u00e4t n\u00e4 pjes\u00e4n e brendshme t\u00e4 k\u00e4mb\u00e4ve mund t\u00e4 ken\u00e4 pupla shum\u00e4 t\u00e4 vogla. K\u00e4mb\u00e4t i ka mesatarisht t\u00e4 gjata, me nj\u00e4 gjat\u00e4si prej 6.9\u20138 cm, por ka p\u00e4llumba t\u00e4 till\u00e4 me k\u00e4mb\u00e4 m\u00e4 t\u00e4 shkurt\u00e4ra. Ngjyra e k\u00e4mb\u00e4ve \u00e4sht\u00e4 e kuqe n\u00e4 t\u00e4 err\u00e4t, var\u00e4sisht nga ngjyra e puplave. Kthetrat e tyre jan\u00e4 me ngjyr\u00e4 t\u00e4 bardh\u00e4 n\u00e4 t\u00e4 err\u00e4t.<\/p>\n<p><strong>Shpina<\/strong> &#8211; Ky lloj p\u00e4llumbi e ka shpin\u00e4n e gjer\u00e4 dhe t\u00e4 rrafsh\u00e4t dhe me nj\u00e4 pjerrt\u00e4si t\u00e4 leht\u00e4 n\u00e4 drejtim t\u00e4 bishtit.<\/p>\n<p><strong>Ngjyra<\/strong> &#8211; P\u00e4llumbi akrobatik i Kosov\u00e4s sa i p\u00e4rket ngjyrave \u00e4sht\u00e4 shum\u00e4 i pasur. Pik\u00e4risht n\u00e4 baz\u00e4 t\u00e4 ngjyrave edhe b\u00e4het em\u00e4rtimi i tyre, p.sh. kuqoja,kuqoshflat\u00e4rbardh\u00e4, ngjyr\u00e4 tull\u00e4, kalt\u00e4rosh -flat\u00e4rbardh\u00e4, pikalosh i kalt\u00e4r, kalt\u00e4rin\u00e4 e larme, ngjyr\u00e4 hiri, ngjyr\u00e4 hiri e \u00e7el\u00e4, ngjyr\u00e4 ulliri, ngjyr\u00e4 bezh\u00e4, ngjyr\u00e4 bezh\u00e4-flat\u00e4rbardh\u00e4, bardhosh, ngjyr\u00e4 korbi, korbash me pika t\u00e4 bardha, p\u00e4llumb i shkruar, p\u00e4llumb i shkruar-flat\u00e4rbardh\u00e4, etj.<\/p>\n<p><strong>Vler\u00ebsimi <\/strong>&#8211; Sipas standardeve p\u00e4r p\u00e4llumbin akrobatik t\u00e4 Kosov\u00e4s duhet ve\u00e7uar k\u00e4to ve\u00e7ori tipike t\u00e4 llojit me sa vijon: &#8211; syt\u00e4 e bukur &#8211; kok\u00e4n e rrumbullak\u00e4t pak t\u00e4 shtypur anash &#8211; sqepin e rregullt t\u00e4 kthyer n\u00e4 maje &#8211; flatrat e gjat\u00e4 dhe t\u00e4 fuqish\u00e4m &#8211; figur\u00e4 harmonike dhe kompakte t\u00e4 trupit Vlerat e ve\u00e7orive t\u00e4 k\u00e4tij lloj p\u00e4llumbi vijn\u00e4 n\u00e4 shprehje gjat\u00e4 fluturimit n\u00e4 qiell me gjat\u00e4sin\u00e4 e rrotullimit dhe cil\u00e4sin\u00e4 e figurave t\u00e4 rrotullimeve.<\/p>\n<p><strong>Me shum\u00eb t\u00eb meta<\/strong> &#8211; Te ky lloj p\u00e4llumbi ka dhe t\u00e4 till\u00e4 me t\u00e4 meta, si p.sh. me sy t\u00e4 kuq; me sqep t\u00e4 shkurt\u00e4r; me xhufk\u00e4 n\u00e4 kok\u00e4; me pupla t\u00e4 dallueshme n\u00e4 k\u00e4mb\u00e4; gjat\u00e4 fluturimit nd\u00e4rrojn\u00e4 form\u00e4n e figur\u00e4s sidomos ata p\u00e4llumba t\u00e4 cil\u00e4t e kan\u00e4 p\u00e4rfunduar faz\u00e4n e tret\u00e4 t\u00e4 st\u00e4rvitjes p\u00e4r rrotullim.<\/p>\n<p><strong>Me pak t\u00eb meta<\/strong> &#8211; P\u00e4llumba me fluturim t\u00e4 dob\u00e4t, me ngjitje jo n\u00e4 lart\u00e4si t\u00e4 k\u00e4rkuar n\u00e4 qiell, me fillim t\u00e4 rrotullimit kok\u00e4 m\u00e4 vete, si dhe me nd\u00e4rprerje t\u00e4 shpeshta t\u00e4 rrotullimit.<\/p>\n<p><strong>Unaza e k\u00ebmb\u00ebs<\/strong>: 7 mm<\/p>\n<p>&nbsp;<\/p>\n<p><strong>Hartuesi i standardit:<\/strong><\/p>\n<p><strong>Rushit Rushiti \u2013 njoh\u00e4s i p\u00e4llumbave <\/strong><\/p>\n<p><strong>Emmen \/LU \u2013 Zvic\u00e4r, 17.06.2006<\/strong><\/p>\n","protected":false},"excerpt":{"rendered":"<p>P\u00ebllumbi akrobatik (rrotullues) i Kosov\u00ebs &nbsp; &nbsp; Prejardhja &#8211; P\u00ebr prejardhjen e k\u00ebtij p\u00ebllumbi akrobatik t\u00eb Kosov\u00ebs mendohet se vjen nga Turqia, por e v\u00ebrteta \u00ebsht\u00eb ndryshe. Me kryq\u00ebzimin e p\u00ebllumbit &#8220;roller&#8221; oriental me p\u00ebllumbin e eg\u00ebr apo t\u00eb rrug\u00ebs arrihet nj\u00eb rac\u00eb e re p\u00ebllumbi, p\u00ebllumbi rrotullues &#8211; akrobatik. P\u00ebllumbin e par\u00eb &#8220;roller&#8221; n\u00eb [&hellip;]<\/p>","protected":false},"author":3,"featured_media":0,"parent":1326,"menu_order":0,"comment_status":"closed","ping_status":"open","template":"","meta":[],"_links":{"self":[{"href":"http:\/\/rrotulluesi-dardan.ch\/cms\/index.php?rest_route=\/wp\/v2\/pages\/1332"}],"collection":[{"href":"http:\/\/rrotulluesi-dardan.ch\/cms\/index.php?rest_route=\/wp\/v2\/pages"}],"about":[{"href":"http:\/\/rrotulluesi-dardan.ch\/cms\/index.php?rest_route=\/wp\/v2\/types\/page"}],"author":[{"embeddable":true,"href":"http:\/\/rrotulluesi-dardan.ch\/cms\/index.php?rest_route=\/wp\/v2\/users\/3"}],"replies":[{"embeddable":true,"href":"http:\/\/rrotulluesi-dardan.ch\/cms\/index.php?rest_route=%2Fwp%2Fv2%2Fcomments&post=1332"}],"version-history":[{"count":4,"href":"http:\/\/rrotulluesi-dardan.ch\/cms\/index.php?rest_route=\/wp\/v2\/pages\/1332\/revisions"}],"predecessor-version":[{"id":1334,"href":"http:\/\/rrotulluesi-dardan.ch\/cms\/index.php?rest_route=\/wp\/v2\/pages\/1332\/revisions\/1334"}],"up":[{"embeddable":true,"href":"http:\/\/rrotulluesi-dardan.ch\/cms\/index.php?rest_route=\/wp\/v2\/pages\/1326"}],"wp:attachment":[{"href":"http:\/\/rrotulluesi-dardan.ch\/cms\/index.php?rest_route=%2Fwp%2Fv2%2Fmedia&parent=1332"}],"curies":[{"name":"wp","href":"https:\/\/api.w.org\/{rel}","templated":true}]}}