{"id":1328,"date":"2015-03-31T21:25:55","date_gmt":"2015-03-31T20:25:55","guid":{"rendered":"http:\/\/rrotulluesi-dardan.ch\/cms\/?page_id=1328"},"modified":"2020-02-17T12:58:04","modified_gmt":"2020-02-17T10:58:04","slug":"llojet-e-pellumbave","status":"publish","type":"page","link":"http:\/\/rrotulluesi-dardan.ch\/cms\/?page_id=1328","title":{"rendered":"Llojet e p\u00ebllumbave- em\u00ebrtimet ne gjuh\u00ebn shqipe"},"content":{"rendered":"<p><a href=\"http:\/\/rrotulluesi-dardan.ch\/cms\/wp-content\/uploads\/2020\/02\/Emrat-e-p\u00ebllumbave-rrotullues.pdf\">EMRAT E P\u00cbLLUMBAVE RROTULLUES<\/a><\/p>\n<p><a href=\"http:\/\/rrotulluesi-dardan.ch\/cms\/wp-content\/uploads\/2020\/02\/P\u00ebllumbi-Ilir.pdf\">P\u00cbLLUMBI ILIR<\/a><\/p>\n<p>&nbsp;<\/p>\n<p>&nbsp;<\/p>\n<p>&nbsp;<\/p>\n<p>&nbsp;<\/p>\n<p>&nbsp;<\/p>\n","protected":false},"excerpt":{"rendered":"<p>EMRAT E P\u00cbLLUMBAVE RROTULLUES P\u00cbLLUMBI ILIR &nbsp; &nbsp; &nbsp; &nbsp; &nbsp;<\/p>","protected":false},"author":3,"featured_media":0,"parent":1314,"menu_order":0,"comment_status":"closed","ping_status":"open","template":"","meta":[],"_links":{"self":[{"href":"http:\/\/rrotulluesi-dardan.ch\/cms\/index.php?rest_route=\/wp\/v2\/pages\/1328"}],"collection":[{"href":"http:\/\/rrotulluesi-dardan.ch\/cms\/index.php?rest_route=\/wp\/v2\/pages"}],"about":[{"href":"http:\/\/rrotulluesi-dardan.ch\/cms\/index.php?rest_route=\/wp\/v2\/types\/page"}],"author":[{"embeddable":true,"href":"http:\/\/rrotulluesi-dardan.ch\/cms\/index.php?rest_route=\/wp\/v2\/users\/3"}],"replies":[{"embeddable":true,"href":"http:\/\/rrotulluesi-dardan.ch\/cms\/index.php?rest_route=%2Fwp%2Fv2%2Fcomments&post=1328"}],"version-history":[{"count":7,"href":"http:\/\/rrotulluesi-dardan.ch\/cms\/index.php?rest_route=\/wp\/v2\/pages\/1328\/revisions"}],"predecessor-version":[{"id":1591,"href":"http:\/\/rrotulluesi-dardan.ch\/cms\/index.php?rest_route=\/wp\/v2\/pages\/1328\/revisions\/1591"}],"up":[{"embeddable":true,"href":"http:\/\/rrotulluesi-dardan.ch\/cms\/index.php?rest_route=\/wp\/v2\/pages\/1314"}],"wp:attachment":[{"href":"http:\/\/rrotulluesi-dardan.ch\/cms\/index.php?rest_route=%2Fwp%2Fv2%2Fmedia&parent=1328"}],"curies":[{"name":"wp","href":"https:\/\/api.w.org\/{rel}","templated":true}]}}